{"id":871,"date":"2025-01-27T18:50:57","date_gmt":"2025-01-27T18:50:57","guid":{"rendered":"https:\/\/guests.rochabrava.com\/carte\/"},"modified":"2025-03-27T12:50:37","modified_gmt":"2025-03-27T12:50:37","slug":"carte","status":"publish","type":"page","link":"https:\/\/guests.rochabrava.com\/fr\/carte\/","title":{"rendered":"Carte"},"content":{"rendered":"\t\t<div data-elementor-type=\"wp-page\" data-elementor-id=\"871\" class=\"elementor elementor-871 elementor-100\" data-elementor-post-type=\"page\">\n\t\t\t\t<div class=\"elementor-element elementor-element-29aa523 e-flex e-con-boxed e-con e-parent\" data-id=\"29aa523\" data-element_type=\"container\" data-e-type=\"container\">\n\t\t\t\t\t<div class=\"e-con-inner\">\n\t\t<div class=\"elementor-element elementor-element-5e46692 e-con-full e-flex e-con e-child\" data-id=\"5e46692\" data-element_type=\"container\" data-e-type=\"container\" data-settings=\"{&quot;background_background&quot;:&quot;classic&quot;}\">\n\t\t\t\t<div class=\"elementor-element elementor-element-7441dc0 elementor-widget elementor-widget-heading\" data-id=\"7441dc0\" data-element_type=\"widget\" data-e-type=\"widget\" data-widget_type=\"heading.default\">\n\t\t\t\t\t<h1 class=\"elementor-heading-title elementor-size-default\">D\u00e9couvrez tout ce qui vous entoure !<\/h1>\t\t\t\t<\/div>\n\t\t\t\t<div class=\"elementor-element elementor-element-3de8d1b elementor-widget elementor-widget-text-editor\" data-id=\"3de8d1b\" data-element_type=\"widget\" data-e-type=\"widget\" data-widget_type=\"text-editor.default\">\n\t\t\t\t\t\t\t\t\t<p>Gr\u00e2ce \u00e0 notre carte interactive, vous trouverez facilement les principales commodit\u00e9s du resort : sup\u00e9rette, restaurant, piscines, courts de tennis et bien plus encore !<\/p>\t\t\t\t\t\t\t\t<\/div>\n\t\t\t\t<\/div>\n\t\t<div class=\"elementor-element elementor-element-6f39199 e-con-full e-flex e-con e-child\" data-id=\"6f39199\" data-element_type=\"container\" data-e-type=\"container\" data-settings=\"{&quot;background_background&quot;:&quot;classic&quot;}\">\n\t\t\t\t<div class=\"elementor-element elementor-element-af0cb4b elementor-widget__width-inherit elementor-widget elementor-widget-html\" data-id=\"af0cb4b\" data-element_type=\"widget\" data-e-type=\"widget\" data-widget_type=\"html.default\">\n\t\t\t\t\t<iframe src=\"https:\/\/www.google.com\/maps\/d\/u\/1\/embed?mid=1u9wCUbhMT-pBQ7cHX2R6BV7ss6QD0D8&ehbc=2E312F\" height=\"600\"><\/iframe>\t\t\t\t<\/div>\n\t\t\t\t<\/div>\n\t\t\t\t\t<\/div>\n\t\t\t\t<\/div>\n\t\t\t\t<\/div>\n\t\t","protected":false},"excerpt":{"rendered":"<p>D\u00e9couvrez tout ce qui vous entoure ! Gr\u00e2ce \u00e0 notre carte interactive, vous trouverez facilement les principales commodit\u00e9s du resort : sup\u00e9rette, restaurant, piscines, courts de tennis et bien plus encore !<\/p>\n","protected":false},"author":1,"featured_media":0,"parent":0,"menu_order":0,"comment_status":"closed","ping_status":"closed","template":"","meta":{"footnotes":""},"class_list":["post-871","page","type-page","status-publish","hentry"],"_links":{"self":[{"href":"https:\/\/guests.rochabrava.com\/fr\/wp-json\/wp\/v2\/pages\/871","targetHints":{"allow":["GET"]}}],"collection":[{"href":"https:\/\/guests.rochabrava.com\/fr\/wp-json\/wp\/v2\/pages"}],"about":[{"href":"https:\/\/guests.rochabrava.com\/fr\/wp-json\/wp\/v2\/types\/page"}],"author":[{"embeddable":true,"href":"https:\/\/guests.rochabrava.com\/fr\/wp-json\/wp\/v2\/users\/1"}],"replies":[{"embeddable":true,"href":"https:\/\/guests.rochabrava.com\/fr\/wp-json\/wp\/v2\/comments?post=871"}],"version-history":[{"count":10,"href":"https:\/\/guests.rochabrava.com\/fr\/wp-json\/wp\/v2\/pages\/871\/revisions"}],"predecessor-version":[{"id":1209,"href":"https:\/\/guests.rochabrava.com\/fr\/wp-json\/wp\/v2\/pages\/871\/revisions\/1209"}],"wp:attachment":[{"href":"https:\/\/guests.rochabrava.com\/fr\/wp-json\/wp\/v2\/media?parent=871"}],"curies":[{"name":"wp","href":"https:\/\/api.w.org\/{rel}","templated":true}]}}