{"id":867,"date":"2025-01-28T11:52:39","date_gmt":"2025-01-28T11:52:39","guid":{"rendered":"https:\/\/guests.rochabrava.com\/contacts\/"},"modified":"2025-03-19T16:46:57","modified_gmt":"2025-03-19T16:46:57","slug":"contacts","status":"publish","type":"page","link":"https:\/\/guests.rochabrava.com\/fr\/contacts\/","title":{"rendered":"Contacts"},"content":{"rendered":"\t\t<div data-elementor-type=\"wp-page\" data-elementor-id=\"867\" class=\"elementor elementor-867 elementor-190\" data-elementor-post-type=\"page\">\n\t\t\t\t<div class=\"elementor-element elementor-element-4550e29 e-flex e-con-boxed e-con e-parent\" data-id=\"4550e29\" data-element_type=\"container\" data-e-type=\"container\">\n\t\t\t\t\t<div class=\"e-con-inner\">\n\t\t<div class=\"elementor-element elementor-element-bf034c5 e-con-full e-flex e-con e-child\" data-id=\"bf034c5\" data-element_type=\"container\" data-e-type=\"container\" data-settings=\"{&quot;background_background&quot;:&quot;classic&quot;}\">\n\t\t\t\t<div class=\"elementor-element elementor-element-d0a9f85 elementor-widget elementor-widget-heading\" data-id=\"d0a9f85\" data-element_type=\"widget\" data-e-type=\"widget\" data-widget_type=\"heading.default\">\n\t\t\t\t\t<h1 class=\"elementor-heading-title elementor-size-default\">Contactez-nous<\/h1>\t\t\t\t<\/div>\n\t\t\t\t<div class=\"elementor-element elementor-element-21a7aa9 elementor-widget elementor-widget-text-editor\" data-id=\"21a7aa9\" data-element_type=\"widget\" data-e-type=\"widget\" data-widget_type=\"text-editor.default\">\n\t\t\t\t\t\t\t\t\t<p>Pour toute question ou r\u00e9servation, veuillez nous contacter par courriel ou par t\u00e9l\u00e9phone.<\/p>\t\t\t\t\t\t\t\t<\/div>\n\t\t\t\t<\/div>\n\t\t<div class=\"elementor-element elementor-element-1c57500 e-con-full e-flex e-con e-child\" data-id=\"1c57500\" data-element_type=\"container\" data-e-type=\"container\" data-settings=\"{&quot;background_background&quot;:&quot;classic&quot;}\">\n\t\t<div class=\"elementor-element elementor-element-8e8adf2 e-con-full e-flex e-con e-child\" data-id=\"8e8adf2\" data-element_type=\"container\" data-e-type=\"container\" data-settings=\"{&quot;background_background&quot;:&quot;classic&quot;}\">\n\t\t\t\t<div class=\"elementor-element elementor-element-fcd978d elementor-align-justify elementor-widget__width-inherit elementor-widget elementor-widget-button\" data-id=\"fcd978d\" data-element_type=\"widget\" data-e-type=\"widget\" data-widget_type=\"button.default\">\n\t\t\t\t\t\t\t\t\t\t<a class=\"elementor-button elementor-button-link elementor-size-sm\" href=\"mailto:rochabrava@rochabrava.com\">\n\t\t\t\t\t\t<span class=\"elementor-button-content-wrapper\">\n\t\t\t\t\t\t<span class=\"elementor-button-icon\">\n\t\t\t\t<svg xmlns=\"http:\/\/www.w3.org\/2000\/svg\" id=\"Filled\" viewBox=\"0 0 24 24\" width=\"512\" height=\"512\"><path d=\"M23.954,5.542,15.536,13.96a5.007,5.007,0,0,1-7.072,0L.046,5.542C.032,5.7,0,5.843,0,6V18a5.006,5.006,0,0,0,5,5H19a5.006,5.006,0,0,0,5-5V6C24,5.843,23.968,5.7,23.954,5.542Z\"><\/path><path d=\"M14.122,12.546l9.134-9.135A4.986,4.986,0,0,0,19,1H5A4.986,4.986,0,0,0,.744,3.411l9.134,9.135A3.007,3.007,0,0,0,14.122,12.546Z\"><\/path><\/svg>\t\t\t<\/span>\n\t\t\t\t\t\t\t\t\t<span class=\"elementor-button-text\">Envoyer un courriel<\/span>\n\t\t\t\t\t<\/span>\n\t\t\t\t\t<\/a>\n\t\t\t\t\t\t\t\t<\/div>\n\t\t\t\t<\/div>\n\t\t<div class=\"elementor-element elementor-element-e54c0f2 e-con-full e-flex e-con e-child\" data-id=\"e54c0f2\" data-element_type=\"container\" data-e-type=\"container\" data-settings=\"{&quot;background_background&quot;:&quot;classic&quot;}\">\n\t\t\t\t<div class=\"elementor-element elementor-element-e83a15e elementor-align-justify elementor-widget__width-inherit elementor-widget elementor-widget-button\" data-id=\"e83a15e\" data-element_type=\"widget\" data-e-type=\"widget\" data-widget_type=\"button.default\">\n\t\t\t\t\t\t\t\t\t\t<a class=\"elementor-button elementor-button-link elementor-size-sm\" href=\"tel:00351282350370\">\n\t\t\t\t\t\t<span class=\"elementor-button-content-wrapper\">\n\t\t\t\t\t\t<span class=\"elementor-button-icon\">\n\t\t\t\t<svg xmlns=\"http:\/\/www.w3.org\/2000\/svg\" id=\"Layer_1\" data-name=\"Layer 1\" viewBox=\"0 0 24 24\" width=\"512\" height=\"512\"><path d=\"M23,11a1,1,0,0,1-1-1,8.008,8.008,0,0,0-8-8,1,1,0,0,1,0-2A10.011,10.011,0,0,1,24,10,1,1,0,0,1,23,11Zm-3-1a6,6,0,0,0-6-6,1,1,0,1,0,0,2,4,4,0,0,1,4,4,1,1,0,0,0,2,0Zm2.183,12.164.91-1.049a3.1,3.1,0,0,0,0-4.377c-.031-.031-2.437-1.882-2.437-1.882a3.1,3.1,0,0,0-4.281.006l-1.906,1.606A12.784,12.784,0,0,1,7.537,9.524l1.6-1.9a3.1,3.1,0,0,0,.007-4.282S7.291.939,7.26.908A3.082,3.082,0,0,0,2.934.862l-1.15,1C-5.01,9.744,9.62,24.261,17.762,24A6.155,6.155,0,0,0,22.183,22.164Z\"><\/path><\/svg>\t\t\t<\/span>\n\t\t\t\t\t\t\t\t\t<span class=\"elementor-button-text\">Appeler<\/span>\n\t\t\t\t\t<\/span>\n\t\t\t\t\t<\/a>\n\t\t\t\t\t\t\t\t<\/div>\n\t\t\t\t<\/div>\n\t\t\t\t<\/div>\n\t\t\t\t<div class=\"elementor-element elementor-element-20b7da7 elementor-widget elementor-widget-text-editor\" data-id=\"20b7da7\" data-element_type=\"widget\" data-e-type=\"widget\" data-widget_type=\"text-editor.default\">\n\t\t\t\t\t\t\t\t\t<p>N\u2019h\u00e9sitez pas \u00e0 vous adresser \u00e0 la r\u00e9ception si vous avez des questions.<\/p>\t\t\t\t\t\t\t\t<\/div>\n\t\t\t\t\t<\/div>\n\t\t\t\t<\/div>\n\t\t\t\t<\/div>\n\t\t","protected":false},"excerpt":{"rendered":"<p>Contactez-nous Pour toute question ou r\u00e9servation, veuillez nous contacter par courriel ou par t\u00e9l\u00e9phone. Envoyer un courriel Appeler N\u2019h\u00e9sitez pas \u00e0 vous adresser \u00e0 la r\u00e9ception si vous avez des questions.<\/p>\n","protected":false},"author":1,"featured_media":0,"parent":0,"menu_order":0,"comment_status":"closed","ping_status":"closed","template":"","meta":{"footnotes":""},"class_list":["post-867","page","type-page","status-publish","hentry"],"_links":{"self":[{"href":"https:\/\/guests.rochabrava.com\/fr\/wp-json\/wp\/v2\/pages\/867","targetHints":{"allow":["GET"]}}],"collection":[{"href":"https:\/\/guests.rochabrava.com\/fr\/wp-json\/wp\/v2\/pages"}],"about":[{"href":"https:\/\/guests.rochabrava.com\/fr\/wp-json\/wp\/v2\/types\/page"}],"author":[{"embeddable":true,"href":"https:\/\/guests.rochabrava.com\/fr\/wp-json\/wp\/v2\/users\/1"}],"replies":[{"embeddable":true,"href":"https:\/\/guests.rochabrava.com\/fr\/wp-json\/wp\/v2\/comments?post=867"}],"version-history":[{"count":3,"href":"https:\/\/guests.rochabrava.com\/fr\/wp-json\/wp\/v2\/pages\/867\/revisions"}],"predecessor-version":[{"id":923,"href":"https:\/\/guests.rochabrava.com\/fr\/wp-json\/wp\/v2\/pages\/867\/revisions\/923"}],"wp:attachment":[{"href":"https:\/\/guests.rochabrava.com\/fr\/wp-json\/wp\/v2\/media?parent=867"}],"curies":[{"name":"wp","href":"https:\/\/api.w.org\/{rel}","templated":true}]}}