{"id":945,"date":"2025-01-27T18:50:26","date_gmt":"2025-01-27T18:50:26","guid":{"rendered":"https:\/\/guests.rochabrava.com\/servicios\/"},"modified":"2025-10-29T15:55:11","modified_gmt":"2025-10-29T15:55:11","slug":"servicios","status":"publish","type":"page","link":"https:\/\/guests.rochabrava.com\/es\/servicios\/","title":{"rendered":"Servicios"},"content":{"rendered":"\t\t<div data-elementor-type=\"wp-page\" data-elementor-id=\"945\" class=\"elementor elementor-945 elementor-95\" data-elementor-post-type=\"page\">\n\t\t\t\t<div class=\"elementor-element elementor-element-28400c0 e-flex e-con-boxed e-con e-parent\" data-id=\"28400c0\" data-element_type=\"container\" data-e-type=\"container\">\n\t\t\t\t\t<div class=\"e-con-inner\">\n\t\t<div class=\"elementor-element elementor-element-827cabb e-con-full e-flex e-con e-child\" data-id=\"827cabb\" data-element_type=\"container\" data-e-type=\"container\" data-settings=\"{&quot;background_background&quot;:&quot;classic&quot;}\">\n\t\t\t\t<div class=\"elementor-element elementor-element-fd874aa elementor-widget elementor-widget-heading\" data-id=\"fd874aa\" data-element_type=\"widget\" data-e-type=\"widget\" data-widget_type=\"heading.default\">\n\t\t\t\t\t<h1 class=\"elementor-heading-title elementor-size-default\">Servicios exclusivos para una estancia inolvidable<\/h1>\t\t\t\t<\/div>\n\t\t\t\t<div class=\"elementor-element elementor-element-002f28f elementor-widget elementor-widget-text-editor\" data-id=\"002f28f\" data-element_type=\"widget\" data-e-type=\"widget\" data-widget_type=\"text-editor.default\">\n\t\t\t\t\t\t\t\t\t<p>Descubre los servicios que tenemos para ti. Todo lo que necesitas: excursiones, transporte, actividades en familia y mucho m\u00e1s. <\/p>\t\t\t\t\t\t\t\t<\/div>\n\t\t\t\t<\/div>\n\t\t<div class=\"elementor-element elementor-element-36fdfd0 e-con-full e-flex e-con e-child\" data-id=\"36fdfd0\" data-element_type=\"container\" data-e-type=\"container\" data-settings=\"{&quot;background_background&quot;:&quot;classic&quot;}\">\n\t\t\t\t<div class=\"elementor-element elementor-element-86f7fc9 elementor-widget elementor-widget-heading\" data-id=\"86f7fc9\" data-element_type=\"widget\" data-e-type=\"widget\" data-widget_type=\"heading.default\">\n\t\t\t\t\t<h2 class=\"elementor-heading-title elementor-size-default\">\u00bfQuieres solicitar un servicio?  <\/h2>\t\t\t\t<\/div>\n\t\t<div class=\"elementor-element elementor-element-1cdf75e e-con-full e-flex e-con e-child\" data-id=\"1cdf75e\" data-element_type=\"container\" data-e-type=\"container\" data-settings=\"{&quot;background_background&quot;:&quot;classic&quot;}\">\n\t\t<div class=\"elementor-element elementor-element-26c8d72 e-con-full e-flex e-con e-child\" data-id=\"26c8d72\" data-element_type=\"container\" data-e-type=\"container\" data-settings=\"{&quot;background_background&quot;:&quot;classic&quot;}\">\n\t\t\t\t<div class=\"elementor-element elementor-element-906c393 elementor-align-justify elementor-widget__width-inherit elementor-widget elementor-widget-button\" data-id=\"906c393\" data-element_type=\"widget\" data-e-type=\"widget\" data-widget_type=\"button.default\">\n\t\t\t\t\t\t\t\t\t\t<a class=\"elementor-button elementor-button-link elementor-size-sm\" href=\"mailto:rochabrava@rochabrava.com\" id=\"1\">\n\t\t\t\t\t\t<span class=\"elementor-button-content-wrapper\">\n\t\t\t\t\t\t<span class=\"elementor-button-icon\">\n\t\t\t\t<svg xmlns=\"http:\/\/www.w3.org\/2000\/svg\" id=\"Filled\" viewBox=\"0 0 24 24\" width=\"512\" height=\"512\"><path d=\"M23.954,5.542,15.536,13.96a5.007,5.007,0,0,1-7.072,0L.046,5.542C.032,5.7,0,5.843,0,6V18a5.006,5.006,0,0,0,5,5H19a5.006,5.006,0,0,0,5-5V6C24,5.843,23.968,5.7,23.954,5.542Z\"><\/path><path d=\"M14.122,12.546l9.134-9.135A4.986,4.986,0,0,0,19,1H5A4.986,4.986,0,0,0,.744,3.411l9.134,9.135A3.007,3.007,0,0,0,14.122,12.546Z\"><\/path><\/svg>\t\t\t<\/span>\n\t\t\t\t\t\t\t\t\t<span class=\"elementor-button-text\">Enviar correo electr\u00f3nico<\/span>\n\t\t\t\t\t<\/span>\n\t\t\t\t\t<\/a>\n\t\t\t\t\t\t\t\t<\/div>\n\t\t\t\t<\/div>\n\t\t<div class=\"elementor-element elementor-element-700985f e-con-full e-flex e-con e-child\" data-id=\"700985f\" data-element_type=\"container\" data-e-type=\"container\" data-settings=\"{&quot;background_background&quot;:&quot;classic&quot;}\">\n\t\t\t\t<div class=\"elementor-element elementor-element-16f137d elementor-align-justify elementor-widget__width-inherit elementor-widget elementor-widget-button\" data-id=\"16f137d\" data-element_type=\"widget\" data-e-type=\"widget\" data-widget_type=\"button.default\">\n\t\t\t\t\t\t\t\t\t\t<a class=\"elementor-button elementor-button-link elementor-size-sm\" href=\"tel:00351282350370\" id=\"2\">\n\t\t\t\t\t\t<span class=\"elementor-button-content-wrapper\">\n\t\t\t\t\t\t<span class=\"elementor-button-icon\">\n\t\t\t\t<svg xmlns=\"http:\/\/www.w3.org\/2000\/svg\" id=\"Layer_1\" data-name=\"Layer 1\" viewBox=\"0 0 24 24\" width=\"512\" height=\"512\"><path d=\"M23,11a1,1,0,0,1-1-1,8.008,8.008,0,0,0-8-8,1,1,0,0,1,0-2A10.011,10.011,0,0,1,24,10,1,1,0,0,1,23,11Zm-3-1a6,6,0,0,0-6-6,1,1,0,1,0,0,2,4,4,0,0,1,4,4,1,1,0,0,0,2,0Zm2.183,12.164.91-1.049a3.1,3.1,0,0,0,0-4.377c-.031-.031-2.437-1.882-2.437-1.882a3.1,3.1,0,0,0-4.281.006l-1.906,1.606A12.784,12.784,0,0,1,7.537,9.524l1.6-1.9a3.1,3.1,0,0,0,.007-4.282S7.291.939,7.26.908A3.082,3.082,0,0,0,2.934.862l-1.15,1C-5.01,9.744,9.62,24.261,17.762,24A6.155,6.155,0,0,0,22.183,22.164Z\"><\/path><\/svg>\t\t\t<\/span>\n\t\t\t\t\t\t\t\t\t<span class=\"elementor-button-text\">Llamar por tel\u00e9fono<\/span>\n\t\t\t\t\t<\/span>\n\t\t\t\t\t<\/a>\n\t\t\t\t\t\t\t\t<\/div>\n\t\t\t\t<\/div>\n\t\t\t\t<\/div>\n\t\t<div class=\"elementor-element elementor-element-d2998be e-con-full e-flex e-con e-child\" data-id=\"d2998be\" data-element_type=\"container\" data-e-type=\"container\" data-settings=\"{&quot;background_background&quot;:&quot;classic&quot;}\">\n\t\t\t\t<div class=\"elementor-element elementor-element-f105c4f elementor-align-justify elementor-widget__width-inherit elementor-widget elementor-widget-button\" data-id=\"f105c4f\" data-element_type=\"widget\" data-e-type=\"widget\" data-widget_type=\"button.default\">\n\t\t\t\t\t\t\t\t\t\t<a class=\"elementor-button elementor-button-link elementor-size-sm\" href=\"https:\/\/wa.me\/351969924581\" id=\"3\">\n\t\t\t\t\t\t<span class=\"elementor-button-content-wrapper\">\n\t\t\t\t\t\t<span class=\"elementor-button-icon\">\n\t\t\t\t<svg xmlns=\"http:\/\/www.w3.org\/2000\/svg\" xmlns:xlink=\"http:\/\/www.w3.org\/1999\/xlink\" id=\"Capa_1\" x=\"0px\" y=\"0px\" viewBox=\"0 0 24 24\" style=\"enable-background:new 0 0 24 24;\" xml:space=\"preserve\" width=\"512\" height=\"512\"><g id=\"WA_Logo\">\t<g>\t\t<path style=\"fill-rule:evenodd;clip-rule:evenodd;\" d=\"M20.463,3.488C18.217,1.24,15.231,0.001,12.05,0    C5.495,0,0.16,5.334,0.157,11.892c-0.001,2.096,0.547,4.142,1.588,5.946L0.057,24l6.304-1.654    c1.737,0.948,3.693,1.447,5.683,1.448h0.005c6.554,0,11.89-5.335,11.893-11.893C23.944,8.724,22.708,5.735,20.463,3.488z     M12.05,21.785h-0.004c-1.774,0-3.513-0.477-5.031-1.378l-0.361-0.214l-3.741,0.981l0.999-3.648l-0.235-0.374    c-0.99-1.574-1.512-3.393-1.511-5.26c0.002-5.45,4.437-9.884,9.889-9.884c2.64,0,5.122,1.03,6.988,2.898    c1.866,1.869,2.893,4.352,2.892,6.993C21.932,17.351,17.498,21.785,12.05,21.785z M17.472,14.382    c-0.297-0.149-1.758-0.868-2.031-0.967c-0.272-0.099-0.47-0.149-0.669,0.148s-0.767,0.967-0.941,1.166    c-0.173,0.198-0.347,0.223-0.644,0.074c-0.297-0.149-1.255-0.462-2.39-1.475c-0.883-0.788-1.48-1.761-1.653-2.059    s-0.018-0.458,0.13-0.606c0.134-0.133,0.297-0.347,0.446-0.521C9.87,9.97,9.919,9.846,10.019,9.647    c0.099-0.198,0.05-0.372-0.025-0.521C9.919,8.978,9.325,7.515,9.078,6.92c-0.241-0.58-0.486-0.501-0.669-0.51    C8.236,6.401,8.038,6.4,7.839,6.4c-0.198,0-0.52,0.074-0.792,0.372c-0.272,0.298-1.04,1.017-1.04,2.479    c0,1.463,1.065,2.876,1.213,3.074c0.148,0.198,2.095,3.2,5.076,4.487c0.709,0.306,1.263,0.489,1.694,0.626    c0.712,0.226,1.36,0.194,1.872,0.118c0.571-0.085,1.758-0.719,2.006-1.413c0.248-0.694,0.248-1.29,0.173-1.413    C17.967,14.605,17.769,14.531,17.472,14.382z\"><\/path>\t<\/g><\/g><\/svg>\t\t\t<\/span>\n\t\t\t\t\t\t\t\t\t<span class=\"elementor-button-text\">Ponte en contacto con nosotros<\/span>\n\t\t\t\t\t<\/span>\n\t\t\t\t\t<\/a>\n\t\t\t\t\t\t\t\t<\/div>\n\t\t\t\t<\/div>\n\t\t\t\t<div class=\"elementor-element elementor-element-0cf4089 elementor-widget elementor-widget-text-editor\" data-id=\"0cf4089\" data-element_type=\"widget\" data-e-type=\"widget\" data-widget_type=\"text-editor.default\">\n\t\t\t\t\t\t\t\t\t<p>Pero tambi\u00e9n puedes pasar por Recepci\u00f3n y realizar tu reserva con uno de nuestros recepcionistas.<\/p>\t\t\t\t\t\t\t\t<\/div>\n\t\t\t\t<\/div>\n\t\t\t\t<div class=\"elementor-element elementor-element-d8a677f e-n-tabs-tablet elementor-widget elementor-widget-n-tabs\" data-id=\"d8a677f\" data-element_type=\"widget\" data-e-type=\"widget\" data-settings=\"{&quot;tabs_justify_horizontal&quot;:&quot;start&quot;,&quot;horizontal_scroll_mobile&quot;:&quot;disable&quot;,&quot;horizontal_scroll&quot;:&quot;disable&quot;}\" data-widget_type=\"nested-tabs.default\">\n\t\t\t\t\t\t\t<div class=\"e-n-tabs\" data-widget-number=\"227174271\" aria-label=\"Pesta\u00f1as. Abre elementos con Intro o Espacio, ci\u00e9rralos con Escape y navega con las fechas.\">\n\t\t\t<div class=\"e-n-tabs-heading\" role=\"tablist\">\n\t\t\t\t\t<button id=\"excursoes\" data-tab-title-id=\"e-n-tab-title-2271742711\" class=\"e-n-tab-title\" aria-selected=\"true\" data-tab-index=\"1\" role=\"tab\" tabindex=\"0\" aria-controls=\"e-n-tab-content-2271742711\" style=\"--n-tabs-title-order: 1;\">\n\t\t\t\t\t\t<span class=\"e-n-tab-title-text\">\n\t\t\t\tExcursiones\t\t\t<\/span>\n\t\t<\/button>\n\t\t\t\t<button id=\"transportes\" data-tab-title-id=\"e-n-tab-title-2271742712\" class=\"e-n-tab-title\" aria-selected=\"false\" data-tab-index=\"2\" role=\"tab\" tabindex=\"-1\" aria-controls=\"e-n-tab-content-2271742712\" style=\"--n-tabs-title-order: 2;\">\n\t\t\t\t\t\t<span class=\"e-n-tab-title-text\">\n\t\t\t\tTransporte\t\t\t<\/span>\n\t\t<\/button>\n\t\t\t\t<button id=\"parques-tematicos\" data-tab-title-id=\"e-n-tab-title-2271742713\" class=\"e-n-tab-title\" aria-selected=\"false\" data-tab-index=\"3\" role=\"tab\" tabindex=\"-1\" aria-controls=\"e-n-tab-content-2271742713\" style=\"--n-tabs-title-order: 3;\">\n\t\t\t\t\t\t<span class=\"e-n-tab-title-text\">\n\t\t\t\tParques tem\u00e1ticos\t\t\t<\/span>\n\t\t<\/button>\n\t\t\t\t<button id=\"transferes\" data-tab-title-id=\"e-n-tab-title-2271742714\" class=\"e-n-tab-title\" aria-selected=\"false\" data-tab-index=\"4\" role=\"tab\" tabindex=\"-1\" aria-controls=\"e-n-tab-content-2271742714\" style=\"--n-tabs-title-order: 4;\">\n\t\t\t\t\t\t<span class=\"e-n-tab-title-text\">\n\t\t\t\tLanzaderas\t\t\t<\/span>\n\t\t<\/button>\n\t\t\t\t<button id=\"pesca-grossa\" data-tab-title-id=\"e-n-tab-title-2271742715\" class=\"e-n-tab-title\" aria-selected=\"false\" data-tab-index=\"5\" role=\"tab\" tabindex=\"-1\" aria-controls=\"e-n-tab-content-2271742715\" style=\"--n-tabs-title-order: 5;\">\n\t\t\t\t\t\t<span class=\"e-n-tab-title-text\">\n\t\t\t\tPesca deportiva \t\t\t<\/span>\n\t\t<\/button>\n\t\t\t\t<button id=\"cultura\" data-tab-title-id=\"e-n-tab-title-2271742716\" class=\"e-n-tab-title\" aria-selected=\"false\" data-tab-index=\"6\" role=\"tab\" tabindex=\"-1\" aria-controls=\"e-n-tab-content-2271742716\" style=\"--n-tabs-title-order: 6;\">\n\t\t\t\t\t\t<span class=\"e-n-tab-title-text\">\n\t\t\t\tCultura\t\t\t<\/span>\n\t\t<\/button>\n\t\t\t\t<button id=\"outros-servicos\" data-tab-title-id=\"e-n-tab-title-2271742717\" class=\"e-n-tab-title\" aria-selected=\"false\" data-tab-index=\"7\" role=\"tab\" tabindex=\"-1\" aria-controls=\"e-n-tab-content-2271742717\" style=\"--n-tabs-title-order: 7;\">\n\t\t\t\t\t\t<span class=\"e-n-tab-title-text\">\n\t\t\t\tSupermercados\t\t\t<\/span>\n\t\t<\/button>\n\t\t\t\t<button id=\"outros-servicos\" data-tab-title-id=\"e-n-tab-title-2271742718\" class=\"e-n-tab-title\" aria-selected=\"false\" data-tab-index=\"8\" role=\"tab\" tabindex=\"-1\" aria-controls=\"e-n-tab-content-2271742718\" style=\"--n-tabs-title-order: 8;\">\n\t\t\t\t\t\t<span class=\"e-n-tab-title-text\">\n\t\t\t\tOtros servicios\t\t\t<\/span>\n\t\t<\/button>\n\t\t\t\t\t<\/div>\n\t\t\t<div class=\"e-n-tabs-content\">\n\t\t\t\t<div id=\"e-n-tab-content-2271742711\" role=\"tabpanel\" aria-labelledby=\"excursoes\" data-tab-index=\"1\" style=\"--n-tabs-title-order: 1;\" class=\"e-active elementor-element elementor-element-a408dd3 e-con-full e-flex e-con e-child\" data-id=\"a408dd3\" data-element_type=\"container\" data-e-type=\"container\">\n\t\t<div class=\"elementor-element elementor-element-6ee7439 e-flex e-con-boxed e-con e-child\" data-id=\"6ee7439\" data-element_type=\"container\" data-e-type=\"container\">\n\t\t\t\t\t<div class=\"e-con-inner\">\n\t\t\t\t<div class=\"elementor-element elementor-element-76528a0 elementor-widget elementor-widget-text-editor\" data-id=\"76528a0\" data-element_type=\"widget\" data-e-type=\"widget\" data-widget_type=\"text-editor.default\">\n\t\t\t\t\t\t\t\t\t<ul><li>Quarteira y Loul\u00e9 (\u00bd d\u00eda)<\/li><li>Sotavento del Algarve (1 d\u00eda)<\/li><li>Sevilla y compras (1 d\u00eda)<\/li><li>F\u00e1tima (1 d\u00eda)<\/li><li>Lisboa y compras (1 d\u00eda)<\/li><li>El Algarve hist\u00f3rico (1 d\u00eda)<\/li><li>Lagos y Sagres (\u00bd d\u00eda)<\/li><li>Safari en jeep<\/li><li>Degustaci\u00f3n de vinos<\/li><li>Parque acu\u00e1tico<\/li><li>Paseos en barco<ul><li>Por la costa del Algarve<\/li><li>Visita a las grutas<\/li><li>Alquiler de yates<\/li><\/ul><\/li><li>Observaci\u00f3n de delfines<\/li><\/ul>\t\t\t\t\t\t\t\t<\/div>\n\t\t\t\t\t<\/div>\n\t\t\t\t<\/div>\n\t\t\t\t<\/div>\n\t\t<div id=\"e-n-tab-content-2271742712\" role=\"tabpanel\" aria-labelledby=\"transportes\" data-tab-index=\"2\" style=\"--n-tabs-title-order: 2;\" class=\" elementor-element elementor-element-b478439 e-con-full e-flex e-con e-child\" data-id=\"b478439\" data-element_type=\"container\" data-e-type=\"container\">\n\t\t<div class=\"elementor-element elementor-element-b003721 e-flex e-con-boxed e-con e-child\" data-id=\"b003721\" data-element_type=\"container\" data-e-type=\"container\">\n\t\t\t\t\t<div class=\"e-con-inner\">\n\t\t\t\t<div class=\"elementor-element elementor-element-35b5cdd elementor-widget elementor-widget-text-editor\" data-id=\"35b5cdd\" data-element_type=\"widget\" data-e-type=\"widget\" data-widget_type=\"text-editor.default\">\n\t\t\t\t\t\t\t\t\t<ul><li>Alquiler de autom\u00f3viles<\/li><li>Motos y bicicletas<\/li><\/ul><p><strong>Transporte gratuito de ida y vuelta a la playa<\/strong><\/p><p>Transporte gratuito hasta la playa de Carvoeiro. Todos los d\u00edas, desde Rocha Brava hasta Carvoeiro, 3 veces al d\u00eda, a las 10:00, las 14:00 y las 17:00 horas. Regresa 10 minutos despu\u00e9s.  <\/p><p><b>Reservas:<\/b><\/p><p><a href=\"tel:00351282350370\">(+351) 282 350 370 <\/a><br><a href=\"mailto:rochabrava@rochabrava.com\">rochabrava@rochabrava.com<\/a><\/p>\t\t\t\t\t\t\t\t<\/div>\n\t\t\t\t\t<\/div>\n\t\t\t\t<\/div>\n\t\t\t\t<\/div>\n\t\t<div id=\"e-n-tab-content-2271742713\" role=\"tabpanel\" aria-labelledby=\"parques-tematicos\" data-tab-index=\"3\" style=\"--n-tabs-title-order: 3;\" class=\" elementor-element elementor-element-b49f51c e-con-full e-flex e-con e-child\" data-id=\"b49f51c\" data-element_type=\"container\" data-e-type=\"container\">\n\t\t<div class=\"elementor-element elementor-element-c1f3595 e-flex e-con-boxed e-con e-child\" data-id=\"c1f3595\" data-element_type=\"container\" data-e-type=\"container\">\n\t\t\t\t\t<div class=\"e-con-inner\">\n\t\t\t\t<div class=\"elementor-element elementor-element-d007774 elementor-widget elementor-widget-text-editor\" data-id=\"d007774\" data-element_type=\"widget\" data-e-type=\"widget\" data-widget_type=\"text-editor.default\">\n\t\t\t\t\t\t\t\t\t<ul><li>Zoomarine<\/li><li>Zoo de Lagos<\/li><li>AquaShow<\/li><li>Slide &amp; Splash<\/li><li>Aqualand<\/li><\/ul>\t\t\t\t\t\t\t\t<\/div>\n\t\t\t\t\t<\/div>\n\t\t\t\t<\/div>\n\t\t\t\t<\/div>\n\t\t<div id=\"e-n-tab-content-2271742714\" role=\"tabpanel\" aria-labelledby=\"transferes\" data-tab-index=\"4\" style=\"--n-tabs-title-order: 4;\" class=\" elementor-element elementor-element-b15b225 e-con-full e-flex e-con e-child\" data-id=\"b15b225\" data-element_type=\"container\" data-e-type=\"container\">\n\t\t<div class=\"elementor-element elementor-element-822049a e-flex e-con-boxed e-con e-child\" data-id=\"822049a\" data-element_type=\"container\" data-e-type=\"container\">\n\t\t\t\t\t<div class=\"e-con-inner\">\n\t\t\t\t<div class=\"elementor-element elementor-element-a833f24 elementor-widget elementor-widget-text-editor\" data-id=\"a833f24\" data-element_type=\"widget\" data-e-type=\"widget\" data-widget_type=\"text-editor.default\">\n\t\t\t\t\t\t\t\t\t<ul><li>Lanzadera privada<\/li><\/ul>\t\t\t\t\t\t\t\t<\/div>\n\t\t\t\t\t<\/div>\n\t\t\t\t<\/div>\n\t\t\t\t<\/div>\n\t\t<div id=\"e-n-tab-content-2271742715\" role=\"tabpanel\" aria-labelledby=\"pesca-grossa\" data-tab-index=\"5\" style=\"--n-tabs-title-order: 5;\" class=\" elementor-element elementor-element-8fb9ace e-con-full e-flex e-con e-child\" data-id=\"8fb9ace\" data-element_type=\"container\" data-e-type=\"container\">\n\t\t<div class=\"elementor-element elementor-element-48d933b e-flex e-con-boxed e-con e-child\" data-id=\"48d933b\" data-element_type=\"container\" data-e-type=\"container\">\n\t\t\t\t\t<div class=\"e-con-inner\">\n\t\t\t\t<div class=\"elementor-element elementor-element-fc09c47 elementor-widget elementor-widget-text-editor\" data-id=\"fc09c47\" data-element_type=\"widget\" data-e-type=\"widget\" data-widget_type=\"text-editor.default\">\n\t\t\t\t\t\t\t\t\t<ul><li>Pesca de tiburones<\/li><li>Pesca en familia<\/li><li>Pesca submarina<\/li><\/ul>\t\t\t\t\t\t\t\t<\/div>\n\t\t\t\t\t<\/div>\n\t\t\t\t<\/div>\n\t\t\t\t<\/div>\n\t\t<div id=\"e-n-tab-content-2271742716\" role=\"tabpanel\" aria-labelledby=\"cultura\" data-tab-index=\"6\" style=\"--n-tabs-title-order: 6;\" class=\" elementor-element elementor-element-fedd37c e-con-full e-flex e-con e-child\" data-id=\"fedd37c\" data-element_type=\"container\" data-e-type=\"container\">\n\t\t<div class=\"elementor-element elementor-element-002a7ae e-flex e-con-boxed e-con e-child\" data-id=\"002a7ae\" data-element_type=\"container\" data-e-type=\"container\">\n\t\t\t\t\t<div class=\"e-con-inner\">\n\t\t\t\t<div class=\"elementor-element elementor-element-efdde22 elementor-widget elementor-widget-text-editor\" data-id=\"efdde22\" data-element_type=\"widget\" data-e-type=\"widget\" data-widget_type=\"text-editor.default\">\n\t\t\t\t\t\t\t\t\t<ul><li>Exposici\u00f3n de esculturas de arena<\/li><li>Mercados<\/li><\/ul>\t\t\t\t\t\t\t\t<\/div>\n\t\t\t\t\t<\/div>\n\t\t\t\t<\/div>\n\t\t\t\t<\/div>\n\t\t<div id=\"e-n-tab-content-2271742717\" role=\"tabpanel\" aria-labelledby=\"outros-servicos\" data-tab-index=\"7\" style=\"--n-tabs-title-order: 7;\" class=\" elementor-element elementor-element-1212f2b e-con-full e-flex e-con e-child\" data-id=\"1212f2b\" data-element_type=\"container\" data-e-type=\"container\">\n\t\t<div class=\"elementor-element elementor-element-31f7206 e-flex e-con-boxed e-con e-child\" data-id=\"31f7206\" data-element_type=\"container\" data-e-type=\"container\">\n\t\t\t\t\t<div class=\"e-con-inner\">\n\t\t\t\t<div class=\"elementor-element elementor-element-1c5e3a7 elementor-widget elementor-widget-text-editor\" data-id=\"1c5e3a7\" data-element_type=\"widget\" data-e-type=\"widget\" data-widget_type=\"text-editor.default\">\n\t\t\t\t\t\t\t\t\t<p>Amanhecer (Rocha Brava) &#8211; 0.0 km<\/p><p>Spar (Carvoeiro) 0.5 km<\/p><p>Intermach\u00e9 (Carvoeiro) &#8211; 3.9 km<\/p><p>Apol\u00f3nia &#8211; (Lagoa) &#8211; 5.4 km<\/p><p>Aldi &#8211; (Lagoa) &#8211; 5.5 km<\/p><p>Pingo Doce &#8211; (Lagoa) &#8211; 5.9 km<\/p><p>Auchan &#8211; (Lagoa) &#8211; 6.7 km<\/p>\t\t\t\t\t\t\t\t<\/div>\n\t\t\t\t\t<\/div>\n\t\t\t\t<\/div>\n\t\t\t\t<\/div>\n\t\t<div id=\"e-n-tab-content-2271742718\" role=\"tabpanel\" aria-labelledby=\"outros-servicos\" data-tab-index=\"8\" style=\"--n-tabs-title-order: 8;\" class=\" elementor-element elementor-element-8a08c20 e-con-full e-flex e-con e-child\" data-id=\"8a08c20\" data-element_type=\"container\" data-e-type=\"container\">\n\t\t<div class=\"elementor-element elementor-element-685d1bf e-flex e-con-boxed e-con e-child\" data-id=\"685d1bf\" data-element_type=\"container\" data-e-type=\"container\">\n\t\t\t\t\t<div class=\"e-con-inner\">\n\t\t\t\t<div class=\"elementor-element elementor-element-11913be elementor-widget elementor-widget-text-editor\" data-id=\"11913be\" data-element_type=\"widget\" data-e-type=\"widget\" data-widget_type=\"text-editor.default\">\n\t\t\t\t\t\t\t\t\t<ul><li>Canguros<\/li><li>Alquiler de cajas fuertes (en casa o en Recepci\u00f3n)<\/li><li>Servicio de despertador<\/li><\/ul>\t\t\t\t\t\t\t\t<\/div>\n\t\t\t\t\t<\/div>\n\t\t\t\t<\/div>\n\t\t\t\t<\/div>\n\t\t\t\t\t<\/div>\n\t\t<\/div>\n\t\t\t\t\t\t<\/div>\n\t\t<div class=\"elementor-element elementor-element-f1b9d7c e-con-full e-flex e-con e-child\" data-id=\"f1b9d7c\" data-element_type=\"container\" data-e-type=\"container\" data-settings=\"{&quot;background_background&quot;:&quot;classic&quot;}\">\n\t\t<div class=\"elementor-element elementor-element-1257607 e-con-full e-flex e-con e-child\" data-id=\"1257607\" data-element_type=\"container\" data-e-type=\"container\" data-settings=\"{&quot;background_background&quot;:&quot;classic&quot;}\">\n\t\t\t\t<\/div>\n\t\t\t\t<\/div>\n\t\t\t\t\t<\/div>\n\t\t\t\t<\/div>\n\t\t\t\t<\/div>\n\t\t","protected":false},"excerpt":{"rendered":"<p>Servicios exclusivos para una estancia inolvidable Descubre los servicios que tenemos para ti. Todo lo que necesitas: excursiones, transporte, actividades en familia y mucho m\u00e1s. \u00bfQuieres solicitar un servicio? Enviar correo electr\u00f3nico Llamar por tel\u00e9fono Ponte en contacto con nosotros Pero tambi\u00e9n puedes pasar por Recepci\u00f3n y realizar tu reserva con uno de nuestros recepcionistas. [&hellip;]<\/p>\n","protected":false},"author":1,"featured_media":0,"parent":0,"menu_order":0,"comment_status":"closed","ping_status":"closed","template":"","meta":{"footnotes":""},"class_list":["post-945","page","type-page","status-publish","hentry"],"_links":{"self":[{"href":"https:\/\/guests.rochabrava.com\/es\/wp-json\/wp\/v2\/pages\/945","targetHints":{"allow":["GET"]}}],"collection":[{"href":"https:\/\/guests.rochabrava.com\/es\/wp-json\/wp\/v2\/pages"}],"about":[{"href":"https:\/\/guests.rochabrava.com\/es\/wp-json\/wp\/v2\/types\/page"}],"author":[{"embeddable":true,"href":"https:\/\/guests.rochabrava.com\/es\/wp-json\/wp\/v2\/users\/1"}],"replies":[{"embeddable":true,"href":"https:\/\/guests.rochabrava.com\/es\/wp-json\/wp\/v2\/comments?post=945"}],"version-history":[{"count":6,"href":"https:\/\/guests.rochabrava.com\/es\/wp-json\/wp\/v2\/pages\/945\/revisions"}],"predecessor-version":[{"id":1695,"href":"https:\/\/guests.rochabrava.com\/es\/wp-json\/wp\/v2\/pages\/945\/revisions\/1695"}],"wp:attachment":[{"href":"https:\/\/guests.rochabrava.com\/es\/wp-json\/wp\/v2\/media?parent=945"}],"curies":[{"name":"wp","href":"https:\/\/api.w.org\/{rel}","templated":true}]}}