{"id":982,"date":"2025-01-27T18:50:40","date_gmt":"2025-01-27T18:50:40","guid":{"rendered":"https:\/\/guests.rochabrava.com\/veranstaltungen\/"},"modified":"2025-03-20T17:59:05","modified_gmt":"2025-03-20T17:59:05","slug":"veranstaltungen","status":"publish","type":"page","link":"https:\/\/guests.rochabrava.com\/de\/veranstaltungen\/","title":{"rendered":"Veranstaltungen"},"content":{"rendered":"\t\t<div data-elementor-type=\"wp-page\" data-elementor-id=\"982\" class=\"elementor elementor-982 elementor-98\" data-elementor-post-type=\"page\">\n\t\t\t\t<div class=\"elementor-element elementor-element-130cbcd e-flex e-con-boxed e-con e-parent\" data-id=\"130cbcd\" data-element_type=\"container\" data-e-type=\"container\">\n\t\t\t\t\t<div class=\"e-con-inner\">\n\t\t<div class=\"elementor-element elementor-element-4ce4c6c e-con-full e-flex e-con e-child\" data-id=\"4ce4c6c\" data-element_type=\"container\" data-e-type=\"container\" data-settings=\"{&quot;background_background&quot;:&quot;classic&quot;}\">\n\t\t\t\t<div class=\"elementor-element elementor-element-dab40f0 elementor-widget elementor-widget-heading\" data-id=\"dab40f0\" data-element_type=\"widget\" data-e-type=\"widget\" data-widget_type=\"heading.default\">\n\t\t\t\t\t<h1 class=\"elementor-heading-title elementor-size-default\">Veranstaltungen in Rocha Brava \u2013 Erfahren Sie, was gerade passiert!<\/h1>\t\t\t\t<\/div>\n\t\t\t\t<div class=\"elementor-element elementor-element-2607c56 elementor-widget elementor-widget-text-editor\" data-id=\"2607c56\" data-element_type=\"widget\" data-e-type=\"widget\" data-widget_type=\"text-editor.default\">\n\t\t\t\t\t\t\t\t\t<p>Schauen Sie sich unseren Veranstaltungskalender an und nehmen Sie an den einzigartigen Erlebnissen teil, die wir das ganze Jahr \u00fcber anbieten. Im Rocha Brava Village Resort erwarten Sie Aktivit\u00e4ten f\u00fcr die ganze Familie, Unterhaltung und besondere Momente.<\/p>\t\t\t\t\t\t\t\t<\/div>\n\t\t\t\t<\/div>\n\t\t\t\t<div class=\"elementor-element elementor-element-b76efc4 elementor-widget elementor-widget-jet-listing-calendar\" data-id=\"b76efc4\" data-element_type=\"widget\" data-e-type=\"widget\" data-widget_type=\"jet-listing-calendar.default\">\n\t\t\t\t\t<div class=\"jet-calendar jet-listing-calendar jet-listing-grid--423\" data-settings=\"{&quot;lisitng_id&quot;:423,&quot;week_days_format&quot;:&quot;short&quot;,&quot;allow_multiday&quot;:&quot;&quot;,&quot;end_date_key&quot;:&quot;&quot;,&quot;group_by&quot;:&quot;meta_date&quot;,&quot;group_by_key&quot;:&quot;event_start&quot;,&quot;posts_query&quot;:[{&quot;_id&quot;:&quot;bb67e9d&quot;,&quot;type&quot;:&quot;order_offset&quot;,&quot;order&quot;:&quot;ASC&quot;,&quot;order_by&quot;:&quot;meta_value&quot;,&quot;meta_key&quot;:&quot;event_start&quot;,&quot;meta_type&quot;:&quot;DATETIME&quot;,&quot;date_query_column&quot;:null,&quot;date_query_after&quot;:null,&quot;date_query_before&quot;:null,&quot;posts_in&quot;:null,&quot;posts_not_in&quot;:null,&quot;posts_parent&quot;:null,&quot;posts_status&quot;:null,&quot;posts_author&quot;:null,&quot;posts_author_id&quot;:null,&quot;search_query&quot;:null,&quot;offset&quot;:&quot;0&quot;,&quot;meta_clause_key&quot;:null,&quot;tax_query_taxonomy&quot;:null,&quot;tax_query_taxonomy_meta&quot;:null,&quot;tax_query_compare&quot;:null,&quot;tax_query_field&quot;:null,&quot;tax_query_terms&quot;:null,&quot;tax_query_terms_meta&quot;:null,&quot;meta_query_key&quot;:null,&quot;meta_query_compare&quot;:null,&quot;meta_query_val&quot;:null,&quot;meta_query_request_val&quot;:null,&quot;meta_query_type&quot;:null,&quot;meta_query_clause&quot;:null}],&quot;meta_query_relation&quot;:&quot;AND&quot;,&quot;tax_query_relation&quot;:&quot;AND&quot;,&quot;hide_widget_if&quot;:&quot;&quot;,&quot;caption_layout&quot;:&quot;layout-4&quot;,&quot;show_posts_nearby_months&quot;:&quot;yes&quot;,&quot;hide_past_events&quot;:&quot;yes&quot;,&quot;allow_date_select&quot;:&quot;yes&quot;,&quot;start_year_select&quot;:&quot;1970&quot;,&quot;end_year_select&quot;:&quot;+2 years&quot;,&quot;use_custom_post_types&quot;:&quot;&quot;,&quot;custom_post_types&quot;:[],&quot;custom_query&quot;:&quot;&quot;,&quot;custom_query_id&quot;:false,&quot;_element_id&quot;:&quot;&quot;,&quot;cache_enabled&quot;:&quot;yes&quot;,&quot;cache_timeout&quot;:60,&quot;max_cache&quot;:12,&quot;_id&quot;:&quot;b76efc4&quot;,&quot;cache_id&quot;:17784457677608,&quot;prev_month&quot;:&quot;May 2026&quot;}\" data-post=\"982\" data-listing-source=\"posts\" data-query-id=\"\" data-cache-id=\"17784457677608\"><table class=\"jet-calendar-grid\" ><caption class=\"jet-calendar-caption\">\n\t\t\t\t<div class=\"jet-calendar-caption__wrap wrap-layout-4\">\n\t\t\t\t\t\t\t\t\t<div class=\"jet-calendar-caption__name jet-calendar-caption__dates\">\n\t\t\t\t\t\t<div class=\"jet-calendar-caption__select-wrapper\">\n\t\t\t\t\t\t\t<select class=\"jet-calendar-caption__date-select select-month\">\n\t\t\t\t\t\t\t\t<option value=\"January\">Januar<\/option><option value=\"February\">Februar<\/option><option value=\"March\">M\u00e4rz<\/option><option value=\"April\">April<\/option><option value=\"May\" selected>Mai<\/option><option value=\"June\">Juni<\/option><option value=\"July\">Juli<\/option><option value=\"August\">August<\/option><option value=\"September\">September<\/option><option value=\"October\">Oktober<\/option><option value=\"November\">November<\/option><option value=\"December\">Dezember<\/option>\t\t\t\t\t\t\t<\/select>\n\t\t\t\t\t\t\t<div class=\"jet-calendar-caption__date-select-label select-month\">Mai<\/div>\n\t\t\t\t\t\t<\/div>\n\t\t\t\t\t\t<div class=\"jet-calendar-caption__select-wrapper\">\n\t\t\t\t\t\t\t<select class=\"jet-calendar-caption__date-select select-year\">\n\t\t\t\t\t\t\t\t<option value=\"2026\">2026<\/option><option value=\"2027\">2027<\/option><option value=\"2028\">2028<\/option>\t\t\t\t\t\t\t<\/select>\n\t\t\t\t\t\t\t<div class=\"jet-calendar-caption__date-select-label select-year\">2026<\/div>\n\t\t\t\t\t\t<\/div>\n\t\t\t\t\t<\/div>\n\t\t\t\t\t\t\t\t<div class=\"jet-calendar-nav__link nav-link-prev\" data-month=\"April 2026\">\n\t\t\t\t\t<svg viewBox=\"0 0 90 179\" xmlns=\"http:\/\/www.w3.org\/2000\/svg\"><path transform=\"scale(0.1,-0.1) translate(0,-1536)\" d=\"M627 992q0 -13 -10 -23l-393 -393l393 -393q10 -10 10 -23t-10 -23l-50 -50q-10 -10 -23 -10t-23 10l-466 466q-10 10 -10 23t10 23l466 466q10 10 23 10t23 -10l50 -50q10 -10 10 -23z\" \/><\/svg>\n\t\t\t\t<\/div>\n\t\t\t\t<div class=\"jet-calendar-nav__link nav-link-next\" data-month=\"June 2026\">\n\t\t\t\t\t<svg viewBox=\"0 0 90 179\" xmlns=\"http:\/\/www.w3.org\/2000\/svg\"><path transform=\"scale(0.1,-0.1) translate(0,-1536)\" d=\"M627 992q0 -13 -10 -23l-393 -393l393 -393q10 -10 10 -23t-10 -23l-50 -50q-10 -10 -23 -10t-23 10l-466 466q-10 10 -10 23t10 23l466 466q10 10 23 10t23 -10l50 -50q10 -10 10 -23z\" \/><\/svg>\n\t\t\t\t<\/div>\n\t\t\t<\/div>\n\t\t\t<\/caption>\n<thead class=\"jet-calendar-header\">\n\t<tr class=\"jet-calendar-header__week\"><th class=\"jet-calendar-header__week-day\">Mo.<\/th><th class=\"jet-calendar-header__week-day\">Di.<\/th><th class=\"jet-calendar-header__week-day\">Mi.<\/th><th class=\"jet-calendar-header__week-day\">Do.<\/th><th class=\"jet-calendar-header__week-day\">Fr.<\/th><th class=\"jet-calendar-header__week-day\">Sa.<\/th><th class=\"jet-calendar-header__week-day\">So.<\/th><\/tr>\n<\/thead><tbody><tr class=\"jet-calendar-week\"><td class=\"jet-calendar-week__day day-pad\">\n\t<div class=\"jet-calendar-week__day-wrap\">\n\t\t<div class=\"jet-calendar-week__day-header\">\n\t\t\t<div class=\"jet-calendar-week__day-date\">27<\/div>\n\t\t<\/div>\n\t\t\t\t<div class=\"jet-calendar-week__day-content\">\n\t\t\t\t<\/div>\n\t<\/div>\n<\/td><td class=\"jet-calendar-week__day day-pad\">\n\t<div class=\"jet-calendar-week__day-wrap\">\n\t\t<div class=\"jet-calendar-week__day-header\">\n\t\t\t<div class=\"jet-calendar-week__day-date\">28<\/div>\n\t\t<\/div>\n\t\t\t\t<div class=\"jet-calendar-week__day-content\">\n\t\t\t\t<\/div>\n\t<\/div>\n<\/td><td class=\"jet-calendar-week__day day-pad\">\n\t<div class=\"jet-calendar-week__day-wrap\">\n\t\t<div class=\"jet-calendar-week__day-header\">\n\t\t\t<div class=\"jet-calendar-week__day-date\">29<\/div>\n\t\t<\/div>\n\t\t\t\t<div class=\"jet-calendar-week__day-content\">\n\t\t\t\t<\/div>\n\t<\/div>\n<\/td><td class=\"jet-calendar-week__day day-pad\">\n\t<div class=\"jet-calendar-week__day-wrap\">\n\t\t<div class=\"jet-calendar-week__day-header\">\n\t\t\t<div class=\"jet-calendar-week__day-date\">30<\/div>\n\t\t<\/div>\n\t\t\t\t<div class=\"jet-calendar-week__day-content\">\n\t\t\t\t<\/div>\n\t<\/div>\n<\/td><td class=\"jet-calendar-week__day\">\n\t<div class=\"jet-calendar-week__day-wrap\">\n\t\t<div class=\"jet-calendar-week__day-header\">\n\t\t\t<div class=\"jet-calendar-week__day-date\">1<\/div>\n\t\t<\/div>\n\t\t\t\t<div class=\"jet-calendar-week__day-content\">\n\t\t\t\t<\/div>\n\t<\/div>\n<\/td><td class=\"jet-calendar-week__day\">\n\t<div class=\"jet-calendar-week__day-wrap\">\n\t\t<div class=\"jet-calendar-week__day-header\">\n\t\t\t<div class=\"jet-calendar-week__day-date\">2<\/div>\n\t\t<\/div>\n\t\t\t\t<div class=\"jet-calendar-week__day-content\">\n\t\t\t\t<\/div>\n\t<\/div>\n<\/td><td class=\"jet-calendar-week__day\">\n\t<div class=\"jet-calendar-week__day-wrap\">\n\t\t<div class=\"jet-calendar-week__day-header\">\n\t\t\t<div class=\"jet-calendar-week__day-date\">3<\/div>\n\t\t<\/div>\n\t\t\t\t<div class=\"jet-calendar-week__day-content\">\n\t\t\t\t<\/div>\n\t<\/div>\n<\/td><\/tr><tr class=\"jet-calendar-week\"><td class=\"jet-calendar-week__day\">\n\t<div class=\"jet-calendar-week__day-wrap\">\n\t\t<div class=\"jet-calendar-week__day-header\">\n\t\t\t<div class=\"jet-calendar-week__day-date\">4<\/div>\n\t\t<\/div>\n\t\t\t\t<div class=\"jet-calendar-week__day-content\">\n\t\t\t\t<\/div>\n\t<\/div>\n<\/td><td class=\"jet-calendar-week__day\">\n\t<div class=\"jet-calendar-week__day-wrap\">\n\t\t<div class=\"jet-calendar-week__day-header\">\n\t\t\t<div class=\"jet-calendar-week__day-date\">5<\/div>\n\t\t<\/div>\n\t\t\t\t<div class=\"jet-calendar-week__day-content\">\n\t\t\t\t<\/div>\n\t<\/div>\n<\/td><td class=\"jet-calendar-week__day\">\n\t<div class=\"jet-calendar-week__day-wrap\">\n\t\t<div class=\"jet-calendar-week__day-header\">\n\t\t\t<div class=\"jet-calendar-week__day-date\">6<\/div>\n\t\t<\/div>\n\t\t\t\t<div class=\"jet-calendar-week__day-content\">\n\t\t\t\t<\/div>\n\t<\/div>\n<\/td><td class=\"jet-calendar-week__day\">\n\t<div class=\"jet-calendar-week__day-wrap\">\n\t\t<div class=\"jet-calendar-week__day-header\">\n\t\t\t<div class=\"jet-calendar-week__day-date\">7<\/div>\n\t\t<\/div>\n\t\t\t\t<div class=\"jet-calendar-week__day-content\">\n\t\t\t\t<\/div>\n\t<\/div>\n<\/td><td class=\"jet-calendar-week__day\">\n\t<div class=\"jet-calendar-week__day-wrap\">\n\t\t<div class=\"jet-calendar-week__day-header\">\n\t\t\t<div class=\"jet-calendar-week__day-date\">8<\/div>\n\t\t<\/div>\n\t\t\t\t<div class=\"jet-calendar-week__day-content\">\n\t\t\t\t<\/div>\n\t<\/div>\n<\/td><td class=\"jet-calendar-week__day\">\n\t<div class=\"jet-calendar-week__day-wrap\">\n\t\t<div class=\"jet-calendar-week__day-header\">\n\t\t\t<div class=\"jet-calendar-week__day-date\">9<\/div>\n\t\t<\/div>\n\t\t\t\t<div class=\"jet-calendar-week__day-content\">\n\t\t\t\t<\/div>\n\t<\/div>\n<\/td><td class=\"jet-calendar-week__day current-day\">\n\t<div class=\"jet-calendar-week__day-wrap\">\n\t\t<div class=\"jet-calendar-week__day-header\">\n\t\t\t<div class=\"jet-calendar-week__day-date\">10<\/div>\n\t\t<\/div>\n\t\t\t\t<div class=\"jet-calendar-week__day-content\">\n\t\t\t\t<\/div>\n\t<\/div>\n<\/td><\/tr><tr class=\"jet-calendar-week\"><td class=\"jet-calendar-week__day\">\n\t<div class=\"jet-calendar-week__day-wrap\">\n\t\t<div class=\"jet-calendar-week__day-header\">\n\t\t\t<div class=\"jet-calendar-week__day-date\">11<\/div>\n\t\t<\/div>\n\t\t\t\t<div class=\"jet-calendar-week__day-content\">\n\t\t\t\t<\/div>\n\t<\/div>\n<\/td><td class=\"jet-calendar-week__day\">\n\t<div class=\"jet-calendar-week__day-wrap\">\n\t\t<div class=\"jet-calendar-week__day-header\">\n\t\t\t<div class=\"jet-calendar-week__day-date\">12<\/div>\n\t\t<\/div>\n\t\t\t\t<div class=\"jet-calendar-week__day-content\">\n\t\t\t\t<\/div>\n\t<\/div>\n<\/td><td class=\"jet-calendar-week__day\">\n\t<div class=\"jet-calendar-week__day-wrap\">\n\t\t<div class=\"jet-calendar-week__day-header\">\n\t\t\t<div class=\"jet-calendar-week__day-date\">13<\/div>\n\t\t<\/div>\n\t\t\t\t<div class=\"jet-calendar-week__day-content\">\n\t\t\t\t<\/div>\n\t<\/div>\n<\/td><td class=\"jet-calendar-week__day\">\n\t<div class=\"jet-calendar-week__day-wrap\">\n\t\t<div class=\"jet-calendar-week__day-header\">\n\t\t\t<div class=\"jet-calendar-week__day-date\">14<\/div>\n\t\t<\/div>\n\t\t\t\t<div class=\"jet-calendar-week__day-content\">\n\t\t\t\t<\/div>\n\t<\/div>\n<\/td><td class=\"jet-calendar-week__day\">\n\t<div class=\"jet-calendar-week__day-wrap\">\n\t\t<div class=\"jet-calendar-week__day-header\">\n\t\t\t<div class=\"jet-calendar-week__day-date\">15<\/div>\n\t\t<\/div>\n\t\t\t\t<div class=\"jet-calendar-week__day-content\">\n\t\t\t\t<\/div>\n\t<\/div>\n<\/td><td class=\"jet-calendar-week__day\">\n\t<div class=\"jet-calendar-week__day-wrap\">\n\t\t<div class=\"jet-calendar-week__day-header\">\n\t\t\t<div class=\"jet-calendar-week__day-date\">16<\/div>\n\t\t<\/div>\n\t\t\t\t<div class=\"jet-calendar-week__day-content\">\n\t\t\t\t<\/div>\n\t<\/div>\n<\/td><td class=\"jet-calendar-week__day\">\n\t<div class=\"jet-calendar-week__day-wrap\">\n\t\t<div class=\"jet-calendar-week__day-header\">\n\t\t\t<div class=\"jet-calendar-week__day-date\">17<\/div>\n\t\t<\/div>\n\t\t\t\t<div class=\"jet-calendar-week__day-content\">\n\t\t\t\t<\/div>\n\t<\/div>\n<\/td><\/tr><tr class=\"jet-calendar-week\"><td class=\"jet-calendar-week__day\">\n\t<div class=\"jet-calendar-week__day-wrap\">\n\t\t<div class=\"jet-calendar-week__day-header\">\n\t\t\t<div class=\"jet-calendar-week__day-date\">18<\/div>\n\t\t<\/div>\n\t\t\t\t<div class=\"jet-calendar-week__day-content\">\n\t\t\t\t<\/div>\n\t<\/div>\n<\/td><td class=\"jet-calendar-week__day\">\n\t<div class=\"jet-calendar-week__day-wrap\">\n\t\t<div class=\"jet-calendar-week__day-header\">\n\t\t\t<div class=\"jet-calendar-week__day-date\">19<\/div>\n\t\t<\/div>\n\t\t\t\t<div class=\"jet-calendar-week__day-content\">\n\t\t\t\t<\/div>\n\t<\/div>\n<\/td><td class=\"jet-calendar-week__day\">\n\t<div class=\"jet-calendar-week__day-wrap\">\n\t\t<div class=\"jet-calendar-week__day-header\">\n\t\t\t<div class=\"jet-calendar-week__day-date\">20<\/div>\n\t\t<\/div>\n\t\t\t\t<div class=\"jet-calendar-week__day-content\">\n\t\t\t\t<\/div>\n\t<\/div>\n<\/td><td class=\"jet-calendar-week__day\">\n\t<div class=\"jet-calendar-week__day-wrap\">\n\t\t<div class=\"jet-calendar-week__day-header\">\n\t\t\t<div class=\"jet-calendar-week__day-date\">21<\/div>\n\t\t<\/div>\n\t\t\t\t<div class=\"jet-calendar-week__day-content\">\n\t\t\t\t<\/div>\n\t<\/div>\n<\/td><td class=\"jet-calendar-week__day\">\n\t<div class=\"jet-calendar-week__day-wrap\">\n\t\t<div class=\"jet-calendar-week__day-header\">\n\t\t\t<div class=\"jet-calendar-week__day-date\">22<\/div>\n\t\t<\/div>\n\t\t\t\t<div class=\"jet-calendar-week__day-content\">\n\t\t\t\t<\/div>\n\t<\/div>\n<\/td><td class=\"jet-calendar-week__day\">\n\t<div class=\"jet-calendar-week__day-wrap\">\n\t\t<div class=\"jet-calendar-week__day-header\">\n\t\t\t<div class=\"jet-calendar-week__day-date\">23<\/div>\n\t\t<\/div>\n\t\t\t\t<div class=\"jet-calendar-week__day-content\">\n\t\t\t\t<\/div>\n\t<\/div>\n<\/td><td class=\"jet-calendar-week__day\">\n\t<div class=\"jet-calendar-week__day-wrap\">\n\t\t<div class=\"jet-calendar-week__day-header\">\n\t\t\t<div class=\"jet-calendar-week__day-date\">24<\/div>\n\t\t<\/div>\n\t\t\t\t<div class=\"jet-calendar-week__day-content\">\n\t\t\t\t<\/div>\n\t<\/div>\n<\/td><\/tr><tr class=\"jet-calendar-week\"><td class=\"jet-calendar-week__day\">\n\t<div class=\"jet-calendar-week__day-wrap\">\n\t\t<div class=\"jet-calendar-week__day-header\">\n\t\t\t<div class=\"jet-calendar-week__day-date\">25<\/div>\n\t\t<\/div>\n\t\t\t\t<div class=\"jet-calendar-week__day-content\">\n\t\t\t\t<\/div>\n\t<\/div>\n<\/td><td class=\"jet-calendar-week__day\">\n\t<div class=\"jet-calendar-week__day-wrap\">\n\t\t<div class=\"jet-calendar-week__day-header\">\n\t\t\t<div class=\"jet-calendar-week__day-date\">26<\/div>\n\t\t<\/div>\n\t\t\t\t<div class=\"jet-calendar-week__day-content\">\n\t\t\t\t<\/div>\n\t<\/div>\n<\/td><td class=\"jet-calendar-week__day\">\n\t<div class=\"jet-calendar-week__day-wrap\">\n\t\t<div class=\"jet-calendar-week__day-header\">\n\t\t\t<div class=\"jet-calendar-week__day-date\">27<\/div>\n\t\t<\/div>\n\t\t\t\t<div class=\"jet-calendar-week__day-content\">\n\t\t\t\t<\/div>\n\t<\/div>\n<\/td><td class=\"jet-calendar-week__day\">\n\t<div class=\"jet-calendar-week__day-wrap\">\n\t\t<div class=\"jet-calendar-week__day-header\">\n\t\t\t<div class=\"jet-calendar-week__day-date\">28<\/div>\n\t\t<\/div>\n\t\t\t\t<div class=\"jet-calendar-week__day-content\">\n\t\t\t\t<\/div>\n\t<\/div>\n<\/td><td class=\"jet-calendar-week__day\">\n\t<div class=\"jet-calendar-week__day-wrap\">\n\t\t<div class=\"jet-calendar-week__day-header\">\n\t\t\t<div class=\"jet-calendar-week__day-date\">29<\/div>\n\t\t<\/div>\n\t\t\t\t<div class=\"jet-calendar-week__day-content\">\n\t\t\t\t<\/div>\n\t<\/div>\n<\/td><td class=\"jet-calendar-week__day\">\n\t<div class=\"jet-calendar-week__day-wrap\">\n\t\t<div class=\"jet-calendar-week__day-header\">\n\t\t\t<div class=\"jet-calendar-week__day-date\">30<\/div>\n\t\t<\/div>\n\t\t\t\t<div class=\"jet-calendar-week__day-content\">\n\t\t\t\t<\/div>\n\t<\/div>\n<\/td><td class=\"jet-calendar-week__day\">\n\t<div class=\"jet-calendar-week__day-wrap\">\n\t\t<div class=\"jet-calendar-week__day-header\">\n\t\t\t<div class=\"jet-calendar-week__day-date\">31<\/div>\n\t\t<\/div>\n\t\t\t\t<div class=\"jet-calendar-week__day-content\">\n\t\t\t\t<\/div>\n\t<\/div>\n<\/td><\/tr><tr class=\"jet-calendar-week\"><td class=\"jet-calendar-week__day day-pad\">\n\t<div class=\"jet-calendar-week__day-wrap\">\n\t\t<div class=\"jet-calendar-week__day-header\">\n\t\t\t<div class=\"jet-calendar-week__day-date\">1<\/div>\n\t\t<\/div>\n\t\t\t\t<div class=\"jet-calendar-week__day-content\">\n\t\t\t\t<\/div>\n\t<\/div>\n<\/td><td class=\"jet-calendar-week__day day-pad\">\n\t<div class=\"jet-calendar-week__day-wrap\">\n\t\t<div class=\"jet-calendar-week__day-header\">\n\t\t\t<div class=\"jet-calendar-week__day-date\">2<\/div>\n\t\t<\/div>\n\t\t\t\t<div class=\"jet-calendar-week__day-content\">\n\t\t\t\t<\/div>\n\t<\/div>\n<\/td><td class=\"jet-calendar-week__day day-pad\">\n\t<div class=\"jet-calendar-week__day-wrap\">\n\t\t<div class=\"jet-calendar-week__day-header\">\n\t\t\t<div class=\"jet-calendar-week__day-date\">3<\/div>\n\t\t<\/div>\n\t\t\t\t<div class=\"jet-calendar-week__day-content\">\n\t\t\t\t<\/div>\n\t<\/div>\n<\/td><td class=\"jet-calendar-week__day day-pad\">\n\t<div class=\"jet-calendar-week__day-wrap\">\n\t\t<div class=\"jet-calendar-week__day-header\">\n\t\t\t<div class=\"jet-calendar-week__day-date\">4<\/div>\n\t\t<\/div>\n\t\t\t\t<div class=\"jet-calendar-week__day-content\">\n\t\t\t\t<\/div>\n\t<\/div>\n<\/td><td class=\"jet-calendar-week__day day-pad\">\n\t<div class=\"jet-calendar-week__day-wrap\">\n\t\t<div class=\"jet-calendar-week__day-header\">\n\t\t\t<div class=\"jet-calendar-week__day-date\">5<\/div>\n\t\t<\/div>\n\t\t\t\t<div class=\"jet-calendar-week__day-content\">\n\t\t\t\t<\/div>\n\t<\/div>\n<\/td><td class=\"jet-calendar-week__day day-pad\">\n\t<div class=\"jet-calendar-week__day-wrap\">\n\t\t<div class=\"jet-calendar-week__day-header\">\n\t\t\t<div class=\"jet-calendar-week__day-date\">6<\/div>\n\t\t<\/div>\n\t\t\t\t<div class=\"jet-calendar-week__day-content\">\n\t\t\t\t<\/div>\n\t<\/div>\n<\/td><td class=\"jet-calendar-week__day day-pad\">\n\t<div class=\"jet-calendar-week__day-wrap\">\n\t\t<div class=\"jet-calendar-week__day-header\">\n\t\t\t<div class=\"jet-calendar-week__day-date\">7<\/div>\n\t\t<\/div>\n\t\t\t\t<div class=\"jet-calendar-week__day-content\">\n\t\t\t\t<\/div>\n\t<\/div>\n<\/td><\/tr><\/tbody><\/table><\/div>\t\t\t\t<\/div>\n\t\t\t\t\t<\/div>\n\t\t\t\t<\/div>\n\t\t\t\t<\/div>\n\t\t","protected":false},"excerpt":{"rendered":"<p>Veranstaltungen in Rocha Brava \u2013 Erfahren Sie, was gerade passiert! Schauen Sie sich unseren Veranstaltungskalender an und nehmen Sie an den einzigartigen Erlebnissen teil, die wir das ganze Jahr \u00fcber anbieten. Im Rocha Brava Village Resort erwarten Sie Aktivit\u00e4ten f\u00fcr die ganze Familie, Unterhaltung und besondere Momente. JaneiroFevereiroMar\u00e7oAbrilMaioJunhoJulhoAgostoSetembroOutubroNovembroDezembro Mar\u00e7o 202520262027 2025 Seg Ter Qua Qui [&hellip;]<\/p>\n","protected":false},"author":1,"featured_media":0,"parent":0,"menu_order":0,"comment_status":"closed","ping_status":"closed","template":"","meta":{"footnotes":""},"class_list":["post-982","page","type-page","status-publish","hentry"],"_links":{"self":[{"href":"https:\/\/guests.rochabrava.com\/de\/wp-json\/wp\/v2\/pages\/982","targetHints":{"allow":["GET"]}}],"collection":[{"href":"https:\/\/guests.rochabrava.com\/de\/wp-json\/wp\/v2\/pages"}],"about":[{"href":"https:\/\/guests.rochabrava.com\/de\/wp-json\/wp\/v2\/types\/page"}],"author":[{"embeddable":true,"href":"https:\/\/guests.rochabrava.com\/de\/wp-json\/wp\/v2\/users\/1"}],"replies":[{"embeddable":true,"href":"https:\/\/guests.rochabrava.com\/de\/wp-json\/wp\/v2\/comments?post=982"}],"version-history":[{"count":3,"href":"https:\/\/guests.rochabrava.com\/de\/wp-json\/wp\/v2\/pages\/982\/revisions"}],"predecessor-version":[{"id":993,"href":"https:\/\/guests.rochabrava.com\/de\/wp-json\/wp\/v2\/pages\/982\/revisions\/993"}],"wp:attachment":[{"href":"https:\/\/guests.rochabrava.com\/de\/wp-json\/wp\/v2\/media?parent=982"}],"curies":[{"name":"wp","href":"https:\/\/api.w.org\/{rel}","templated":true}]}}